{"id":633,"date":"2024-05-14T14:57:41","date_gmt":"2024-05-14T12:57:41","guid":{"rendered":"https:\/\/novelpetfood.it\/?page_id=633"},"modified":"2024-09-27T10:26:07","modified_gmt":"2024-09-27T08:26:07","slug":"in-cosa-crediamo","status":"publish","type":"page","link":"https:\/\/novelpetfood.it\/de\/in-cosa-crediamo\/","title":{"rendered":"Woran wir glauben"},"content":{"rendered":"<div data-elementor-type=\"wp-page\" data-elementor-id=\"633\" class=\"elementor elementor-633\" data-elementor-post-type=\"page\">\n\t\t\t\t<div class=\"elementor-element elementor-element-8e2952d e-flex e-con-boxed e-con e-parent\" data-id=\"8e2952d\" data-element_type=\"container\" data-settings=\"{&quot;background_background&quot;:&quot;classic&quot;}\">\n\t\t\t\t\t<div class=\"e-con-inner\">\n\t\t<div class=\"elementor-element elementor-element-8169c75 e-flex e-con-boxed e-con e-child\" data-id=\"8169c75\" data-element_type=\"container\">\n\t\t\t\t\t<div class=\"e-con-inner\">\n\t\t\t\t<div class=\"elementor-element elementor-element-01d2561 elementor-widget elementor-widget-text-editor\" data-id=\"01d2561\" data-element_type=\"widget\" data-widget_type=\"text-editor.default\">\n\t\t\t\t<div class=\"elementor-widget-container\">\n\t\t\t<style>\/*! elementor - v3.21.0 - 08-05-2024 *\/\n.elementor-widget-text-editor.elementor-drop-cap-view-stacked .elementor-drop-cap{background-color:#69727d;color:#fff}.elementor-widget-text-editor.elementor-drop-cap-view-framed .elementor-drop-cap{color:#69727d;border:3px solid;background-color:transparent}.elementor-widget-text-editor:not(.elementor-drop-cap-view-default) .elementor-drop-cap{margin-top:8px}.elementor-widget-text-editor:not(.elementor-drop-cap-view-default) .elementor-drop-cap-letter{width:1em;height:1em}.elementor-widget-text-editor .elementor-drop-cap{float:left;text-align:center;line-height:1;font-size:50px}.elementor-widget-text-editor .elementor-drop-cap-letter{display:inline-block}<\/style>\t\t\t\t<div class=\"subtitle\">Woran wir glauben<\/div>\t\t\t\t\t\t<\/div>\n\t\t\t\t<\/div>\n\t\t\t\t<div class=\"elementor-element elementor-element-b738806 elementor-widget elementor-widget-heading\" data-id=\"b738806\" data-element_type=\"widget\" data-widget_type=\"heading.default\">\n\t\t\t\t<div class=\"elementor-widget-container\">\n\t\t\t<style>\/*! elementor - v3.21.0 - 08-05-2024 *\/\n.elementor-heading-title{padding:0;margin:0;line-height:1}.elementor-widget-heading .elementor-heading-title[class*=elementor-size-]>a{color:inherit;font-size:inherit;line-height:inherit}.elementor-widget-heading .elementor-heading-title.elementor-size-small{font-size:15px}.elementor-widget-heading .elementor-heading-title.elementor-size-medium{font-size:19px}.elementor-widget-heading .elementor-heading-title.elementor-size-large{font-size:29px}.elementor-widget-heading .elementor-heading-title.elementor-size-xl{font-size:39px}.elementor-widget-heading .elementor-heading-title.elementor-size-xxl{font-size:59px}<\/style><h2 class=\"elementor-heading-title elementor-size-default\">Wir sind Tr\u00e4umer und glauben an Geniestreiche.<br>\nMan k\u00f6nnte sagen, dass wir romantische Innovatoren sind.<\/h2>\t\t<\/div>\n\t\t\t\t<\/div>\n\t\t\t\t<div class=\"elementor-element elementor-element-c0b602e elementor-widget elementor-widget-text-editor\" data-id=\"c0b602e\" data-element_type=\"widget\" data-widget_type=\"text-editor.default\">\n\t\t\t\t<div class=\"elementor-widget-container\">\n\t\t\t\t\t\t\t<p>Novel Pet Food entsteht aus der st\u00e4ndigen Suche nach Novel Food, einem jungen und dynamischen Unternehmen, das sich zum Ziel gesetzt hat, hochwertige Lebensmittel aus alternativen Rohstoffen herzustellen, wie zum Beispiel Insekten.<\/p><p>Die Bem\u00fchungen der Gr\u00fcnder, Davide Storino und Luca Costamagna, haben sich mit ihrer Leidenschaft f\u00fcr Tiere vereint und dazu beigetragen, einen revolution\u00e4ren, aber heute notwendigen Weg zu \u00f6ffnen: die Nachhaltigkeit von Lebensmitteln im Zusammenhang mit der Forschung zu Novel Foods, die in den kommenden Jahren unsere Ern\u00e4hrung ver\u00e4ndern werden.<\/p><p>Novel Pet Food bietet ein mutiges und zielgerichtetes Tiernahrungsmittel. Rezepte, die das Wohlergehen der Hunde an erste Stelle setzen, mit hochwertigen Zutaten, ohne Kompromisse einzugehen. Produkte mit makellosem Geschmack, deren Merkmal es ist, sowohl f\u00fcr Tiere ansprechend als auch f\u00fcr den Planeten au\u00dfergew\u00f6hnlich zu sein. Novel Pet Food ist die Erkenntnis, dass man ein erstklassiges Tiernahrungsmittel haben kann, das gut f\u00fcr ihn, gut f\u00fcr den Planeten und gut f\u00fcr dich ist. Eine Wahl von Superhelden.<\/p>\t\t\t\t\t\t<\/div>\n\t\t\t\t<\/div>\n\t\t\t\t<div class=\"elementor-element elementor-element-26d33aa elementor-widget elementor-widget-image\" data-id=\"26d33aa\" data-element_type=\"widget\" data-widget_type=\"image.default\">\n\t\t\t\t<div class=\"elementor-widget-container\">\n\t\t\t<style>\/*! elementor - v3.21.0 - 08-05-2024 *\/\n.elementor-widget-image{text-align:center}.elementor-widget-image a{display:inline-block}.elementor-widget-image a img[src$=\".svg\"]{width:48px}.elementor-widget-image img{vertical-align:middle;display:inline-block}<\/style>\t\t\t\t\t\t\t\t\t\t<img fetchpriority=\"high\" decoding=\"async\" width=\"800\" height=\"523\" src=\"https:\/\/novelpetfood.it\/wp-content\/uploads\/2024\/05\/ill_crediamo1-1024x669.png\" class=\"attachment-large size-large wp-image-537\" alt=\"\" srcset=\"https:\/\/novelpetfood.it\/wp-content\/uploads\/2024\/05\/ill_crediamo1-1024x669.png 1024w, https:\/\/novelpetfood.it\/wp-content\/uploads\/2024\/05\/ill_crediamo1-600x392.png 600w, https:\/\/novelpetfood.it\/wp-content\/uploads\/2024\/05\/ill_crediamo1-300x196.png 300w, https:\/\/novelpetfood.it\/wp-content\/uploads\/2024\/05\/ill_crediamo1-768x502.png 768w, https:\/\/novelpetfood.it\/wp-content\/uploads\/2024\/05\/ill_crediamo1.png 1200w\" sizes=\"(max-width: 800px) 100vw, 800px\" \/>\t\t\t\t\t\t\t\t\t\t\t\t\t<\/div>\n\t\t\t\t<\/div>\n\t\t\t\t\t<\/div>\n\t\t\t\t<\/div>\n\t\t\t\t\t<\/div>\n\t\t\t\t<\/div>\n\t\t<div class=\"elementor-element elementor-element-49b63cd e-flex e-con-boxed e-con e-parent\" data-id=\"49b63cd\" data-element_type=\"container\" data-settings=\"{&quot;background_background&quot;:&quot;classic&quot;}\">\n\t\t\t\t\t<div class=\"e-con-inner\">\n\t\t<div class=\"elementor-element elementor-element-2a55b0b e-flex e-con-boxed e-con e-child\" data-id=\"2a55b0b\" data-element_type=\"container\">\n\t\t\t\t\t<div class=\"e-con-inner\">\n\t\t\t\t<div class=\"elementor-element elementor-element-520bfd8 elementor-widget elementor-widget-heading\" data-id=\"520bfd8\" data-element_type=\"widget\" data-widget_type=\"heading.default\">\n\t\t\t\t<div class=\"elementor-widget-container\">\n\t\t\t<h2 class=\"elementor-heading-title elementor-size-default\">Warum \"Truffle\"?<\/h2>\t\t<\/div>\n\t\t\t\t<\/div>\n\t\t\t\t<div class=\"elementor-element elementor-element-008249d elementor-widget elementor-widget-text-editor\" data-id=\"008249d\" data-element_type=\"widget\" data-widget_type=\"text-editor.default\">\n\t\t\t\t<div class=\"elementor-widget-container\">\n\t\t\t\t\t\t\t<p>Truffle bedeutet \"Tr\u00fcffel\", ein Begriff f\u00fcr die Nase des Hundes, der als zuverl\u00e4ssiger Indikator f\u00fcr seinen Gesundheitszustand anerkannt ist. Au\u00dferdem wird das Produkt in den Langhe geboren, der Heimat des kostbaren Wei\u00dfen Tr\u00fcffels von Alba, einem Symbol absoluter Exzellenz und einem biologischen Indikator f\u00fcr die Gesundheit der Erde, da es eng mit der Biodiversit\u00e4t dieser H\u00fcgel verbunden ist.<\/p><section><div class=\"container\"><div class=\"row\"><div class=\"col\"><p><span class=\"pblue\"><b>Truffle steht f\u00fcr Exzellenz, Gesundheit, Bewusstsein, Liebe zum eigenen Land und zum Planeten: das Wohlergehen der Hunde in maximaler Nachhaltigkeit.<\/b><\/span><\/p><\/div><\/div><\/div><\/section><section><figure class=\"img_page jarallax hide-md\" data-speed=\"0.7\"><\/figure><\/section>\t\t\t\t\t\t<\/div>\n\t\t\t\t<\/div>\n\t\t\t\t\t<\/div>\n\t\t\t\t<\/div>\n\t\t\t\t\t<\/div>\n\t\t\t\t<\/div>\n\t\t<div class=\"elementor-element elementor-element-2790837 e-flex e-con-boxed e-con e-parent\" data-id=\"2790837\" data-element_type=\"container\" id=\"prodotti\" data-settings=\"{&quot;background_background&quot;:&quot;classic&quot;}\">\n\t\t\t\t\t<div class=\"e-con-inner\">\n\t\t<div class=\"elementor-element elementor-element-b7bfdbb e-flex e-con-boxed e-con e-child\" data-id=\"b7bfdbb\" data-element_type=\"container\">\n\t\t\t\t\t<div class=\"e-con-inner\">\n\t\t\t\t<div class=\"elementor-element elementor-element-28737de elementor-grid-mobile-1 elementor-product-loop-item--align-center elementor-grid-4 elementor-grid-tablet-3 elementor-products-grid elementor-wc-products elementor-widget elementor-widget-woocommerce-products\" data-id=\"28737de\" data-element_type=\"widget\" data-widget_type=\"woocommerce-products.default\">\n\t\t\t\t<div class=\"elementor-widget-container\">\n\t\t\t<link rel=\"stylesheet\" href=\"https:\/\/novelpetfood.it\/wp-content\/plugins\/elementor-pro\/assets\/css\/widget-woocommerce.min.css\"><div class=\"woocommerce columns-4\"><ul class=\"products elementor-grid columns-4\">\n<li class=\"product type-product post-714 status-publish first instock product_cat-crocchette has-post-thumbnail taxable shipping-taxable purchasable product-type-variable\">\n\t<a href=\"https:\/\/novelpetfood.it\/de\/product\/truffle-ultrapremium-tacchino-e-hermetia\/\" class=\"woocommerce-LoopProduct-link woocommerce-loop-product__link\"><img decoding=\"async\" width=\"300\" height=\"300\" src=\"https:\/\/novelpetfood.it\/wp-content\/uploads\/2024\/05\/TACCHINO_INGREDIENTIcubetti_1080x10801-300x300.png\" class=\"attachment-woocommerce_thumbnail size-woocommerce_thumbnail\" alt=\"\" srcset=\"https:\/\/novelpetfood.it\/wp-content\/uploads\/2024\/05\/TACCHINO_INGREDIENTIcubetti_1080x10801-300x300.png 300w, https:\/\/novelpetfood.it\/wp-content\/uploads\/2024\/05\/TACCHINO_INGREDIENTIcubetti_1080x10801-1024x1024.png 1024w, https:\/\/novelpetfood.it\/wp-content\/uploads\/2024\/05\/TACCHINO_INGREDIENTIcubetti_1080x10801-150x150.png 150w, https:\/\/novelpetfood.it\/wp-content\/uploads\/2024\/05\/TACCHINO_INGREDIENTIcubetti_1080x10801-768x768.png 768w, https:\/\/novelpetfood.it\/wp-content\/uploads\/2024\/05\/TACCHINO_INGREDIENTIcubetti_1080x10801-600x600.png 600w, https:\/\/novelpetfood.it\/wp-content\/uploads\/2024\/05\/TACCHINO_INGREDIENTIcubetti_1080x10801-100x100.png 100w, https:\/\/novelpetfood.it\/wp-content\/uploads\/2024\/05\/TACCHINO_INGREDIENTIcubetti_1080x10801.png 1080w\" sizes=\"(max-width: 300px) 100vw, 300px\" \/><h2 class=\"woocommerce-loop-product__title\">Truffle Ultrapremium - Pute und Hermetia<\/h2>\n\t<span class=\"price\"><span class=\"woocommerce-Price-amount amount\"><bdi>17,90&nbsp;<span class=\"woocommerce-Price-currencySymbol\">&euro;<\/span><\/bdi><\/span><\/span>\n<\/a><a href=\"https:\/\/novelpetfood.it\/de\/product\/truffle-ultrapremium-tacchino-e-hermetia\/\" data-quantity=\"1\" class=\"button product_type_variable add_to_cart_button\" data-product_id=\"714\" data-product_sku=\"\" aria-label=\"W\u00e4hle Optionen f\u00fcr \u201eTruffle Ultrapremium - Tacchino e Hermetia\u201c\" aria-describedby=\"Dieses Produkt weist mehrere Varianten auf. Die Optionen k\u00f6nnen auf der Produktseite gew\u00e4hlt werden\" rel=\"nofollow\" data-no-translation=\"\" data-trp-gettext=\"\" data-no-translation-aria-label=\"\" data-no-translation-aria-describedby=\"\">Ausf\u00fchrung w\u00e4hlen<\/a><span class=\"gtm4wp_productdata\" style=\"display:none; visibility:hidden;\" data-gtm4wp_product_data=\"{&quot;internal_id&quot;:714,&quot;item_id&quot;:714,&quot;item_name&quot;:&quot;Truffle Ultrapremium - Tacchino e Hermetia&quot;,&quot;sku&quot;:714,&quot;price&quot;:17.9,&quot;stocklevel&quot;:null,&quot;stockstatus&quot;:&quot;instock&quot;,&quot;google_business_vertical&quot;:&quot;retail&quot;,&quot;item_category&quot;:&quot;Crocchette&quot;,&quot;id&quot;:714,&quot;productlink&quot;:&quot;https:\\\/\\\/novelpetfood.it\\\/de\\\/product\\\/truffle-ultrapremium-tacchino-e-hermetia\\\/&quot;,&quot;item_list_name&quot;:&quot;General Product List&quot;,&quot;index&quot;:1,&quot;product_type&quot;:&quot;variable&quot;,&quot;item_brand&quot;:&quot;&quot;}\"><\/span><\/li>\n<li class=\"product type-product post-708 status-publish instock product_cat-crocchette has-post-thumbnail taxable shipping-taxable purchasable product-type-variable\">\n\t<a href=\"https:\/\/novelpetfood.it\/de\/product\/truffle-ultrapremium-anatra\/\" class=\"woocommerce-LoopProduct-link woocommerce-loop-product__link\"><img decoding=\"async\" width=\"300\" height=\"300\" src=\"https:\/\/novelpetfood.it\/wp-content\/uploads\/2024\/05\/ANATRA_INGREDIENTIciotola_1080x10801-300x300.png\" class=\"attachment-woocommerce_thumbnail size-woocommerce_thumbnail\" alt=\"\" srcset=\"https:\/\/novelpetfood.it\/wp-content\/uploads\/2024\/05\/ANATRA_INGREDIENTIciotola_1080x10801-300x300.png 300w, https:\/\/novelpetfood.it\/wp-content\/uploads\/2024\/05\/ANATRA_INGREDIENTIciotola_1080x10801-1024x1024.png 1024w, https:\/\/novelpetfood.it\/wp-content\/uploads\/2024\/05\/ANATRA_INGREDIENTIciotola_1080x10801-150x150.png 150w, https:\/\/novelpetfood.it\/wp-content\/uploads\/2024\/05\/ANATRA_INGREDIENTIciotola_1080x10801-768x768.png 768w, https:\/\/novelpetfood.it\/wp-content\/uploads\/2024\/05\/ANATRA_INGREDIENTIciotola_1080x10801-600x600.png 600w, https:\/\/novelpetfood.it\/wp-content\/uploads\/2024\/05\/ANATRA_INGREDIENTIciotola_1080x10801-100x100.png 100w, https:\/\/novelpetfood.it\/wp-content\/uploads\/2024\/05\/ANATRA_INGREDIENTIciotola_1080x10801.png 1080w\" sizes=\"(max-width: 300px) 100vw, 300px\" \/><h2 class=\"woocommerce-loop-product__title\">Truffle Ultrapremium - Ente<\/h2>\n\t<span class=\"price\"><span class=\"woocommerce-Price-amount amount\"><bdi>17,90&nbsp;<span class=\"woocommerce-Price-currencySymbol\">&euro;<\/span><\/bdi><\/span><\/span>\n<\/a><a href=\"https:\/\/novelpetfood.it\/de\/product\/truffle-ultrapremium-anatra\/\" data-quantity=\"1\" class=\"button product_type_variable add_to_cart_button\" data-product_id=\"708\" data-product_sku=\"\" aria-label=\"W\u00e4hle Optionen f\u00fcr \u201eTruffle Ultrapremium - Anatra\u201c\" aria-describedby=\"Dieses Produkt weist mehrere Varianten auf. Die Optionen k\u00f6nnen auf der Produktseite gew\u00e4hlt werden\" rel=\"nofollow\" data-no-translation=\"\" data-trp-gettext=\"\" data-no-translation-aria-label=\"\" data-no-translation-aria-describedby=\"\">Ausf\u00fchrung w\u00e4hlen<\/a><span class=\"gtm4wp_productdata\" style=\"display:none; visibility:hidden;\" data-gtm4wp_product_data=\"{&quot;internal_id&quot;:708,&quot;item_id&quot;:708,&quot;item_name&quot;:&quot;Truffle Ultrapremium - Anatra&quot;,&quot;sku&quot;:708,&quot;price&quot;:17.9,&quot;stocklevel&quot;:null,&quot;stockstatus&quot;:&quot;instock&quot;,&quot;google_business_vertical&quot;:&quot;retail&quot;,&quot;item_category&quot;:&quot;Crocchette&quot;,&quot;id&quot;:708,&quot;productlink&quot;:&quot;https:\\\/\\\/novelpetfood.it\\\/de\\\/product\\\/truffle-ultrapremium-anatra\\\/&quot;,&quot;item_list_name&quot;:&quot;General Product List&quot;,&quot;index&quot;:2,&quot;product_type&quot;:&quot;variable&quot;,&quot;item_brand&quot;:&quot;&quot;}\"><\/span><\/li>\n<li class=\"product type-product post-701 status-publish instock product_cat-crocchette has-post-thumbnail taxable shipping-taxable purchasable product-type-variable\">\n\t<a href=\"https:\/\/novelpetfood.it\/de\/product\/truffle-ultrapremium-maiale\/\" class=\"woocommerce-LoopProduct-link woocommerce-loop-product__link\"><img loading=\"lazy\" decoding=\"async\" width=\"300\" height=\"300\" src=\"https:\/\/novelpetfood.it\/wp-content\/uploads\/2024\/05\/CopiadiMAIALE_INGREDIENTI_1_1080x10801-300x300.png\" class=\"attachment-woocommerce_thumbnail size-woocommerce_thumbnail\" alt=\"\" srcset=\"https:\/\/novelpetfood.it\/wp-content\/uploads\/2024\/05\/CopiadiMAIALE_INGREDIENTI_1_1080x10801-300x300.png 300w, https:\/\/novelpetfood.it\/wp-content\/uploads\/2024\/05\/CopiadiMAIALE_INGREDIENTI_1_1080x10801-1024x1024.png 1024w, https:\/\/novelpetfood.it\/wp-content\/uploads\/2024\/05\/CopiadiMAIALE_INGREDIENTI_1_1080x10801-150x150.png 150w, https:\/\/novelpetfood.it\/wp-content\/uploads\/2024\/05\/CopiadiMAIALE_INGREDIENTI_1_1080x10801-768x768.png 768w, https:\/\/novelpetfood.it\/wp-content\/uploads\/2024\/05\/CopiadiMAIALE_INGREDIENTI_1_1080x10801-600x600.png 600w, https:\/\/novelpetfood.it\/wp-content\/uploads\/2024\/05\/CopiadiMAIALE_INGREDIENTI_1_1080x10801-100x100.png 100w, https:\/\/novelpetfood.it\/wp-content\/uploads\/2024\/05\/CopiadiMAIALE_INGREDIENTI_1_1080x10801.png 1080w\" sizes=\"(max-width: 300px) 100vw, 300px\" \/><h2 class=\"woocommerce-loop-product__title\">Truffle Ultrapremium - Schwein<\/h2>\n\t<span class=\"price\"><span class=\"woocommerce-Price-amount amount\"><bdi>17,90&nbsp;<span class=\"woocommerce-Price-currencySymbol\">&euro;<\/span><\/bdi><\/span><\/span>\n<\/a><a href=\"https:\/\/novelpetfood.it\/de\/product\/truffle-ultrapremium-maiale\/\" data-quantity=\"1\" class=\"button product_type_variable add_to_cart_button\" data-product_id=\"701\" data-product_sku=\"\" aria-label=\"W\u00e4hle Optionen f\u00fcr \u201eTruffle Ultrapremium - Maiale\u201c\" aria-describedby=\"Dieses Produkt weist mehrere Varianten auf. Die Optionen k\u00f6nnen auf der Produktseite gew\u00e4hlt werden\" rel=\"nofollow\" data-no-translation=\"\" data-trp-gettext=\"\" data-no-translation-aria-label=\"\" data-no-translation-aria-describedby=\"\">Ausf\u00fchrung w\u00e4hlen<\/a><span class=\"gtm4wp_productdata\" style=\"display:none; visibility:hidden;\" data-gtm4wp_product_data=\"{&quot;internal_id&quot;:701,&quot;item_id&quot;:701,&quot;item_name&quot;:&quot;Truffle Ultrapremium - Maiale&quot;,&quot;sku&quot;:701,&quot;price&quot;:17.9,&quot;stocklevel&quot;:null,&quot;stockstatus&quot;:&quot;instock&quot;,&quot;google_business_vertical&quot;:&quot;retail&quot;,&quot;item_category&quot;:&quot;Crocchette&quot;,&quot;id&quot;:701,&quot;productlink&quot;:&quot;https:\\\/\\\/novelpetfood.it\\\/de\\\/product\\\/truffle-ultrapremium-maiale\\\/&quot;,&quot;item_list_name&quot;:&quot;General Product List&quot;,&quot;index&quot;:3,&quot;product_type&quot;:&quot;variable&quot;,&quot;item_brand&quot;:&quot;&quot;}\"><\/span><\/li>\n<li class=\"product type-product post-662 status-publish last instock product_cat-crocchette has-post-thumbnail taxable shipping-taxable purchasable product-type-variable\">\n\t<a href=\"https:\/\/novelpetfood.it\/de\/product\/truffle-ultrapremium-pesce\/\" class=\"woocommerce-LoopProduct-link woocommerce-loop-product__link\"><img loading=\"lazy\" decoding=\"async\" width=\"300\" height=\"300\" src=\"https:\/\/novelpetfood.it\/wp-content\/uploads\/2024\/05\/Copiadipescepiuingredienti_1080x10801-300x300.png\" class=\"attachment-woocommerce_thumbnail size-woocommerce_thumbnail\" alt=\"\" srcset=\"https:\/\/novelpetfood.it\/wp-content\/uploads\/2024\/05\/Copiadipescepiuingredienti_1080x10801-300x300.png 300w, https:\/\/novelpetfood.it\/wp-content\/uploads\/2024\/05\/Copiadipescepiuingredienti_1080x10801-100x100.png 100w, https:\/\/novelpetfood.it\/wp-content\/uploads\/2024\/05\/Copiadipescepiuingredienti_1080x10801-600x600.png 600w, https:\/\/novelpetfood.it\/wp-content\/uploads\/2024\/05\/Copiadipescepiuingredienti_1080x10801-1024x1024.png 1024w, https:\/\/novelpetfood.it\/wp-content\/uploads\/2024\/05\/Copiadipescepiuingredienti_1080x10801-150x150.png 150w, https:\/\/novelpetfood.it\/wp-content\/uploads\/2024\/05\/Copiadipescepiuingredienti_1080x10801-768x768.png 768w, https:\/\/novelpetfood.it\/wp-content\/uploads\/2024\/05\/Copiadipescepiuingredienti_1080x10801.png 1080w\" sizes=\"(max-width: 300px) 100vw, 300px\" \/><h2 class=\"woocommerce-loop-product__title\">Truffle Ultrapremium - Fisch<\/h2>\n\t<span class=\"price\"><span class=\"woocommerce-Price-amount amount\"><bdi>17,90&nbsp;<span class=\"woocommerce-Price-currencySymbol\">&euro;<\/span><\/bdi><\/span><\/span>\n<\/a><a href=\"https:\/\/novelpetfood.it\/de\/product\/truffle-ultrapremium-pesce\/\" data-quantity=\"1\" class=\"button product_type_variable add_to_cart_button\" data-product_id=\"662\" data-product_sku=\"\" aria-label=\"W\u00e4hle Optionen f\u00fcr \u201eTruffle Ultrapremium - Pesce\u201c\" aria-describedby=\"Dieses Produkt weist mehrere Varianten auf. Die Optionen k\u00f6nnen auf der Produktseite gew\u00e4hlt werden\" rel=\"nofollow\" data-no-translation=\"\" data-trp-gettext=\"\" data-no-translation-aria-label=\"\" data-no-translation-aria-describedby=\"\">Ausf\u00fchrung w\u00e4hlen<\/a><span class=\"gtm4wp_productdata\" style=\"display:none; visibility:hidden;\" data-gtm4wp_product_data=\"{&quot;internal_id&quot;:662,&quot;item_id&quot;:662,&quot;item_name&quot;:&quot;Truffle Ultrapremium - Pesce&quot;,&quot;sku&quot;:662,&quot;price&quot;:17.9,&quot;stocklevel&quot;:null,&quot;stockstatus&quot;:&quot;instock&quot;,&quot;google_business_vertical&quot;:&quot;retail&quot;,&quot;item_category&quot;:&quot;Crocchette&quot;,&quot;id&quot;:662,&quot;productlink&quot;:&quot;https:\\\/\\\/novelpetfood.it\\\/de\\\/product\\\/truffle-ultrapremium-pesce\\\/&quot;,&quot;item_list_name&quot;:&quot;General Product List&quot;,&quot;index&quot;:4,&quot;product_type&quot;:&quot;variable&quot;,&quot;item_brand&quot;:&quot;&quot;}\"><\/span><\/li>\n<\/ul>\n<\/div>\t\t<\/div>\n\t\t\t\t<\/div>\n\t\t\t\t\t<\/div>\n\t\t\t\t<\/div>\n\t\t\t\t\t<\/div>\n\t\t\t\t<\/div>\n\t\t<div class=\"elementor-element elementor-element-2cf3670 e-flex e-con-boxed e-con e-parent\" data-id=\"2cf3670\" data-element_type=\"container\" data-settings=\"{&quot;background_background&quot;:&quot;classic&quot;}\">\n\t\t\t\t\t<div class=\"e-con-inner\">\n\t\t\t\t\t<\/div>\n\t\t\t\t<\/div>\n\t\t<div class=\"elementor-element elementor-element-59deb86 e-flex e-con-boxed e-con e-parent\" data-id=\"59deb86\" data-element_type=\"container\" data-settings=\"{&quot;background_background&quot;:&quot;classic&quot;}\">\n\t\t\t\t\t<div class=\"e-con-inner\">\n\t\t<div class=\"elementor-element elementor-element-7c0d32c e-flex e-con-boxed e-con e-child\" data-id=\"7c0d32c\" data-element_type=\"container\">\n\t\t\t\t\t<div class=\"e-con-inner\">\n\t\t\t\t<div class=\"elementor-element elementor-element-6c90849 elementor-widget elementor-widget-text-editor\" data-id=\"6c90849\" data-element_type=\"widget\" data-widget_type=\"text-editor.default\">\n\t\t\t\t<div class=\"elementor-widget-container\">\n\t\t\t\t\t\t\t<div class=\"subtitle\"><div class=\"subtitle\">TRUFFLE ULTRAPREMIUM<\/div><\/div>\t\t\t\t\t\t<\/div>\n\t\t\t\t<\/div>\n\t\t\t\t<div class=\"elementor-element elementor-element-cacc43b elementor-widget elementor-widget-heading\" data-id=\"cacc43b\" data-element_type=\"widget\" data-widget_type=\"heading.default\">\n\t\t\t\t<div class=\"elementor-widget-container\">\n\t\t\t<h2 class=\"elementor-heading-title elementor-size-default\">Das Superfood f\u00fcr seine Superkr\u00e4fte<\/h2>\t\t<\/div>\n\t\t\t\t<\/div>\n\t\t\t\t<div class=\"elementor-element elementor-element-6698338 elementor-mobile-align-center elementor-align-center elementor-widget elementor-widget-button\" data-id=\"6698338\" data-element_type=\"widget\" data-widget_type=\"button.default\">\n\t\t\t\t<div class=\"elementor-widget-container\">\n\t\t\t\t\t<div class=\"elementor-button-wrapper\">\n\t\t\t<a class=\"elementor-button elementor-button-link elementor-size-sm\" href=\"#prodotti\">\n\t\t\t\t\t\t<span class=\"elementor-button-content-wrapper\">\n\t\t\t\t\t\t\t\t\t<span class=\"elementor-button-text\">Kaufe jetzt<\/span>\n\t\t\t\t\t<\/span>\n\t\t\t\t\t<\/a>\n\t\t<\/div>\n\t\t\t\t<\/div>\n\t\t\t\t<\/div>\n\t\t\t\t\t<\/div>\n\t\t\t\t<\/div>\n\t\t\t\t\t<\/div>\n\t\t\t\t<\/div>\n\t\t\t\t<\/div>","protected":false},"excerpt":{"rendered":"<p>IN COSA CREDIAMO Siamo dei sognatori e crediamo nei colpi di genio. Si potrebbe dire che siamo innovatori romantici. Novel Pet Food nasce dall\u2019incessante ricerca di Novel Food, giovane e dinamica realt\u00e0 che ha come obiettivo la creazione di cibi di alta gamma a partire da materie prime alternative, come gli insetti. Gli sforzi dei [&hellip;]<\/p>","protected":false},"author":1,"featured_media":0,"parent":0,"menu_order":0,"comment_status":"closed","ping_status":"closed","template":"elementor_header_footer","meta":{"footnotes":""},"_links":{"self":[{"href":"https:\/\/novelpetfood.it\/de\/wp-json\/wp\/v2\/pages\/633"}],"collection":[{"href":"https:\/\/novelpetfood.it\/de\/wp-json\/wp\/v2\/pages"}],"about":[{"href":"https:\/\/novelpetfood.it\/de\/wp-json\/wp\/v2\/types\/page"}],"author":[{"embeddable":true,"href":"https:\/\/novelpetfood.it\/de\/wp-json\/wp\/v2\/users\/1"}],"replies":[{"embeddable":true,"href":"https:\/\/novelpetfood.it\/de\/wp-json\/wp\/v2\/comments?post=633"}],"version-history":[{"count":31,"href":"https:\/\/novelpetfood.it\/de\/wp-json\/wp\/v2\/pages\/633\/revisions"}],"predecessor-version":[{"id":927,"href":"https:\/\/novelpetfood.it\/de\/wp-json\/wp\/v2\/pages\/633\/revisions\/927"}],"wp:attachment":[{"href":"https:\/\/novelpetfood.it\/de\/wp-json\/wp\/v2\/media?parent=633"}],"curies":[{"name":"wp","href":"https:\/\/api.w.org\/{rel}","templated":true}]}}